{"id":1543,"date":"2024-10-21T21:25:40","date_gmt":"2024-10-21T18:25:40","guid":{"rendered":"https:\/\/www.gatsby.com.tr\/quienes-somos\/"},"modified":"2025-02-02T14:32:31","modified_gmt":"2025-02-02T11:32:31","slug":"quienes-somos","status":"publish","type":"page","link":"https:\/\/www.gatsby.com.tr\/es\/quienes-somos\/","title":{"rendered":"\u00bfQui\u00e9nes somos?"},"content":{"rendered":"\t\t<div data-elementor-type=\"wp-page\" data-elementor-id=\"1543\" class=\"elementor elementor-1543 elementor-59\" data-elementor-post-type=\"page\">\n\t\t\t\t\t\t<section class=\"elementor-section elementor-top-section elementor-element elementor-element-460c874e elementor-section-boxed elementor-section-height-default elementor-section-height-default\" data-id=\"460c874e\" data-element_type=\"section\" data-settings=\"{&quot;background_background&quot;:&quot;classic&quot;}\">\n\t\t\t\t\t\t\t<div class=\"elementor-background-overlay\"><\/div>\n\t\t\t\t\t\t\t<div class=\"elementor-container elementor-column-gap-default\">\n\t\t\t\t\t<div class=\"elementor-column elementor-col-100 elementor-top-column elementor-element elementor-element-611ccbd3\" data-id=\"611ccbd3\" data-element_type=\"column\">\n\t\t\t<div class=\"elementor-widget-wrap elementor-element-populated\">\n\t\t\t\t\t\t<div class=\"elementor-element elementor-element-2e96151a elementor-invisible elementor-widget elementor-widget-heading\" data-id=\"2e96151a\" data-element_type=\"widget\" data-settings=\"{&quot;_animation&quot;:&quot;fadeInDown&quot;}\" data-widget_type=\"heading.default\">\n\t\t\t\t<div class=\"elementor-widget-container\">\n\t\t\t<h1 class=\"elementor-heading-title elementor-size-default\">\u00bfQui\u00e9nes somos?<\/h1>\t\t<\/div>\n\t\t\t\t<\/div>\n\t\t\t\t<section class=\"elementor-section elementor-inner-section elementor-element elementor-element-3d622115 elementor-section-content-middle elementor-section-boxed elementor-section-height-default elementor-section-height-default elementor-invisible\" data-id=\"3d622115\" data-element_type=\"section\" data-settings=\"{&quot;animation&quot;:&quot;fadeInDown&quot;}\">\n\t\t\t\t\t\t<div class=\"elementor-container elementor-column-gap-default\">\n\t\t\t\t\t<div class=\"elementor-column elementor-col-100 elementor-inner-column elementor-element elementor-element-592890fa\" data-id=\"592890fa\" data-element_type=\"column\">\n\t\t\t<div class=\"elementor-widget-wrap elementor-element-populated\">\n\t\t\t\t\t\t<div class=\"elementor-element elementor-element-5802af06 elementor-widget__width-auto elementor-widget elementor-widget-heading\" data-id=\"5802af06\" data-element_type=\"widget\" data-widget_type=\"heading.default\">\n\t\t\t\t<div class=\"elementor-widget-container\">\n\t\t\t<h6 class=\"elementor-heading-title elementor-size-default\"><a href=\"\/\">P\u00e1gina de inicio<\/a><\/h6>\t\t<\/div>\n\t\t\t\t<\/div>\n\t\t\t\t<div class=\"elementor-element elementor-element-4e82c204 elementor-widget__width-auto elementor-widget elementor-widget-heading\" data-id=\"4e82c204\" data-element_type=\"widget\" data-widget_type=\"heading.default\">\n\t\t\t\t<div class=\"elementor-widget-container\">\n\t\t\t<h6 class=\"elementor-heading-title elementor-size-default\"><a href=\"https:\/\/www.gatsby.com.tr\/es\/quienes-somos\/\">Qui\u00e9nes somos<\/a><\/h6>\t\t<\/div>\n\t\t\t\t<\/div>\n\t\t\t\t\t<\/div>\n\t\t<\/div>\n\t\t\t\t\t<\/div>\n\t\t<\/section>\n\t\t\t\t\t<\/div>\n\t\t<\/div>\n\t\t\t\t\t<\/div>\n\t\t<\/section>\n\t\t\t\t<section class=\"elementor-section elementor-top-section elementor-element elementor-element-fbd4789 elementor-section-boxed elementor-section-height-default elementor-section-height-default\" data-id=\"fbd4789\" data-element_type=\"section\">\n\t\t\t\t\t\t<div class=\"elementor-container elementor-column-gap-default\">\n\t\t\t\t\t<div class=\"elementor-column elementor-col-100 elementor-top-column elementor-element elementor-element-68c033e2\" data-id=\"68c033e2\" data-element_type=\"column\">\n\t\t\t<div class=\"elementor-widget-wrap elementor-element-populated\">\n\t\t\t\t\t\t<section class=\"elementor-section elementor-inner-section elementor-element elementor-element-ced67f elementor-reverse-mobile elementor-section-boxed elementor-section-height-default elementor-section-height-default\" data-id=\"ced67f\" data-element_type=\"section\">\n\t\t\t\t\t\t<div class=\"elementor-container elementor-column-gap-default\">\n\t\t\t\t\t<div class=\"elementor-column elementor-col-50 elementor-inner-column elementor-element elementor-element-70e7ef8d\" data-id=\"70e7ef8d\" data-element_type=\"column\">\n\t\t\t<div class=\"elementor-widget-wrap elementor-element-populated\">\n\t\t\t\t\t\t<div class=\"elementor-element elementor-element-8976405 elementor-widget__width-initial elementor-absolute elementor-invisible elementor-widget elementor-widget-image\" data-id=\"8976405\" data-element_type=\"widget\" data-settings=\"{&quot;_position&quot;:&quot;absolute&quot;,&quot;_animation&quot;:&quot;zoomIn&quot;}\" data-widget_type=\"image.default\">\n\t\t\t\t<div class=\"elementor-widget-container\">\n\t\t\t\t\t\t\t\t\t\t\t\t\t<img fetchpriority=\"high\" decoding=\"async\" width=\"531\" height=\"531\" src=\"https:\/\/www.gatsby.com.tr\/wp-content\/uploads\/2024\/10\/line-pattern-01.png\" class=\"attachment-large size-large wp-image-24\" alt=\"\" srcset=\"https:\/\/www.gatsby.com.tr\/wp-content\/uploads\/2024\/10\/line-pattern-01.png 531w, https:\/\/www.gatsby.com.tr\/wp-content\/uploads\/2024\/10\/line-pattern-01-300x300.png 300w, https:\/\/www.gatsby.com.tr\/wp-content\/uploads\/2024\/10\/line-pattern-01-150x150.png 150w\" sizes=\"(max-width: 531px) 100vw, 531px\" \/>\t\t\t\t\t\t\t\t\t\t\t\t\t<\/div>\n\t\t\t\t<\/div>\n\t\t\t\t<div class=\"elementor-element elementor-element-5008a917 elementor-widget elementor-widget-image\" data-id=\"5008a917\" data-element_type=\"widget\" data-widget_type=\"image.default\">\n\t\t\t\t<div class=\"elementor-widget-container\">\n\t\t\t\t\t\t\t\t\t\t\t\t\t<img decoding=\"async\" width=\"800\" height=\"450\" src=\"https:\/\/www.gatsby.com.tr\/wp-content\/uploads\/2024\/12\/slider-1024x576.png\" class=\"attachment-large size-large wp-image-598\" alt=\"\" srcset=\"https:\/\/www.gatsby.com.tr\/wp-content\/uploads\/2024\/12\/slider-1024x576.png 1024w, https:\/\/www.gatsby.com.tr\/wp-content\/uploads\/2024\/12\/slider-300x169.png 300w, https:\/\/www.gatsby.com.tr\/wp-content\/uploads\/2024\/12\/slider-768x432.png 768w, https:\/\/www.gatsby.com.tr\/wp-content\/uploads\/2024\/12\/slider-1536x864.png 1536w, https:\/\/www.gatsby.com.tr\/wp-content\/uploads\/2024\/12\/slider.png 1920w\" sizes=\"(max-width: 800px) 100vw, 800px\" \/>\t\t\t\t\t\t\t\t\t\t\t\t\t<\/div>\n\t\t\t\t<\/div>\n\t\t\t\t\t<\/div>\n\t\t<\/div>\n\t\t\t\t<div class=\"elementor-column elementor-col-50 elementor-inner-column elementor-element elementor-element-3bbdb87b\" data-id=\"3bbdb87b\" data-element_type=\"column\">\n\t\t\t<div class=\"elementor-widget-wrap elementor-element-populated\">\n\t\t\t\t\t\t<div class=\"elementor-element elementor-element-46b99b5d elementor-widget elementor-widget-heading\" data-id=\"46b99b5d\" data-element_type=\"widget\" data-widget_type=\"heading.default\">\n\t\t\t\t<div class=\"elementor-widget-container\">\n\t\t\t<h6 class=\"elementor-heading-title elementor-size-default\">\u00bfQui\u00e9nes somos?<\/h6>\t\t<\/div>\n\t\t\t\t<\/div>\n\t\t\t\t<div class=\"elementor-element elementor-element-1e2392c elementor-widget elementor-widget-heading\" data-id=\"1e2392c\" data-element_type=\"widget\" data-widget_type=\"heading.default\">\n\t\t\t\t<div class=\"elementor-widget-container\">\n\t\t\t<h2 class=\"elementor-heading-title elementor-size-default\">Qui\u00e9nes somos<\/h2>\t\t<\/div>\n\t\t\t\t<\/div>\n\t\t\t\t<div class=\"elementor-element elementor-element-36c59365 elementor-widget elementor-widget-text-editor\" data-id=\"36c59365\" data-element_type=\"widget\" data-widget_type=\"text-editor.default\">\n\t\t\t\t<div class=\"elementor-widget-container\">\n\t\t\t\t\t\t\t<p class=\"p1\"><b>Gatsby Event<\/b> es una empresa de organizaci\u00f3n que aporta una visi\u00f3n innovadora al sector del entretenimiento y marca la diferencia con sus soluciones creativas. Trabajando en colaboraci\u00f3n con hoteles de lujo, nuestra empresa garantiza la calidad y la excelencia de los eventos con su personal profesional y experimentado. Ofrece una amplia gama de servicios, desde espect\u00e1culos esc\u00e9nicos a conceptos para fiestas, desde eventos infantiles a espect\u00e1culos especiales, garantizando que cada evento sea inolvidable.<\/p>\n\t\t\t\t\t\t<\/div>\n\t\t\t\t<\/div>\n\t\t\t\t\t<\/div>\n\t\t<\/div>\n\t\t\t\t\t<\/div>\n\t\t<\/section>\n\t\t\t\t\t<\/div>\n\t\t<\/div>\n\t\t\t\t\t<\/div>\n\t\t<\/section>\n\t\t\t\t<section class=\"elementor-section elementor-top-section elementor-element elementor-element-70d070be elementor-section-content-middle elementor-reverse-tablet elementor-reverse-mobile elementor-section-boxed elementor-section-height-default elementor-section-height-default\" data-id=\"70d070be\" data-element_type=\"section\">\n\t\t\t\t\t\t<div class=\"elementor-container elementor-column-gap-no\">\n\t\t\t\t\t<div class=\"elementor-column elementor-col-50 elementor-top-column elementor-element elementor-element-19c1e995\" data-id=\"19c1e995\" data-element_type=\"column\">\n\t\t\t<div class=\"elementor-widget-wrap elementor-element-populated\">\n\t\t\t\t\t\t<div class=\"elementor-element elementor-element-5f72a89a elementor-widget elementor-widget-heading\" data-id=\"5f72a89a\" data-element_type=\"widget\" data-widget_type=\"heading.default\">\n\t\t\t\t<div class=\"elementor-widget-container\">\n\t\t\t<h6 class=\"elementor-heading-title elementor-size-default\">Demostraciones<\/h6>\t\t<\/div>\n\t\t\t\t<\/div>\n\t\t\t\t<div class=\"elementor-element elementor-element-3c04847c elementor-widget elementor-widget-heading\" data-id=\"3c04847c\" data-element_type=\"widget\" data-widget_type=\"heading.default\">\n\t\t\t\t<div class=\"elementor-widget-container\">\n\t\t\t<h2 class=\"elementor-heading-title elementor-size-default\">Nuevas escenas, nuevas emociones<\/h2>\t\t<\/div>\n\t\t\t\t<\/div>\n\t\t\t\t<div class=\"elementor-element elementor-element-152594dc elementor-widget elementor-widget-text-editor\" data-id=\"152594dc\" data-element_type=\"widget\" data-widget_type=\"text-editor.default\">\n\t\t\t\t<div class=\"elementor-widget-container\">\n\t\t\t\t\t\t\t<p class=\"p1\">Como \u00abGatsby Event\u00bb, no s\u00f3lo seguimos las tendencias, sino que creamos nuevas tendencias y lideramos el sector. Al prestar servicio con nuestros principios de fiabilidad y honradez, aspiramos a satisfacer plenamente las necesidades de nuestros clientes. Ya se trate de fascinantes representaciones esc\u00e9nicas, divertidos actos infantiles o fiestas tem\u00e1ticas, planificamos y realizamos cuidadosamente cada acto hasta el m\u00e1s m\u00ednimo detalle. Con conceptos especialmente dise\u00f1ados para ti, hacemos realidad la organizaci\u00f3n de tus sue\u00f1os.<\/p>\n\t\t\t\t\t\t<\/div>\n\t\t\t\t<\/div>\n\t\t\t\t\t<\/div>\n\t\t<\/div>\n\t\t\t\t<div class=\"elementor-column elementor-col-50 elementor-top-column elementor-element elementor-element-3769d849\" data-id=\"3769d849\" data-element_type=\"column\">\n\t\t\t<div class=\"elementor-widget-wrap elementor-element-populated\">\n\t\t\t\t\t\t<div class=\"elementor-element elementor-element-567c4b1 elementor-widget elementor-widget-image\" data-id=\"567c4b1\" data-element_type=\"widget\" data-widget_type=\"image.default\">\n\t\t\t\t<div class=\"elementor-widget-container\">\n\t\t\t\t\t\t\t\t\t\t\t\t\t<img decoding=\"async\" width=\"800\" height=\"602\" src=\"https:\/\/www.gatsby.com.tr\/wp-content\/uploads\/2024\/10\/modern-ballet-dancer-dancing-in-full-body-on-white-2021-08-26-17-43-11-utc-1.jpg\" class=\"attachment-large size-large wp-image-62\" alt=\"\" srcset=\"https:\/\/www.gatsby.com.tr\/wp-content\/uploads\/2024\/10\/modern-ballet-dancer-dancing-in-full-body-on-white-2021-08-26-17-43-11-utc-1.jpg 1024w, https:\/\/www.gatsby.com.tr\/wp-content\/uploads\/2024\/10\/modern-ballet-dancer-dancing-in-full-body-on-white-2021-08-26-17-43-11-utc-1-300x226.jpg 300w, https:\/\/www.gatsby.com.tr\/wp-content\/uploads\/2024\/10\/modern-ballet-dancer-dancing-in-full-body-on-white-2021-08-26-17-43-11-utc-1-768x578.jpg 768w\" sizes=\"(max-width: 800px) 100vw, 800px\" \/>\t\t\t\t\t\t\t\t\t\t\t\t\t<\/div>\n\t\t\t\t<\/div>\n\t\t\t\t<div class=\"elementor-element elementor-element-323a80e5 elementor-widget__width-initial elementor-absolute elementor-widget-mobile__width-initial elementor-hidden-mobile elementor-invisible elementor-widget elementor-widget-image\" data-id=\"323a80e5\" data-element_type=\"widget\" data-settings=\"{&quot;_position&quot;:&quot;absolute&quot;,&quot;_animation&quot;:&quot;zoomIn&quot;}\" data-widget_type=\"image.default\">\n\t\t\t\t<div class=\"elementor-widget-container\">\n\t\t\t\t\t\t\t\t\t\t\t\t\t<img fetchpriority=\"high\" decoding=\"async\" width=\"531\" height=\"531\" src=\"https:\/\/www.gatsby.com.tr\/wp-content\/uploads\/2024\/10\/line-pattern-01.png\" class=\"attachment-large size-large wp-image-24\" alt=\"\" srcset=\"https:\/\/www.gatsby.com.tr\/wp-content\/uploads\/2024\/10\/line-pattern-01.png 531w, https:\/\/www.gatsby.com.tr\/wp-content\/uploads\/2024\/10\/line-pattern-01-300x300.png 300w, https:\/\/www.gatsby.com.tr\/wp-content\/uploads\/2024\/10\/line-pattern-01-150x150.png 150w\" sizes=\"(max-width: 531px) 100vw, 531px\" \/>\t\t\t\t\t\t\t\t\t\t\t\t\t<\/div>\n\t\t\t\t<\/div>\n\t\t\t\t\t<\/div>\n\t\t<\/div>\n\t\t\t\t\t<\/div>\n\t\t<\/section>\n\t\t\t\t<section class=\"elementor-section elementor-top-section elementor-element elementor-element-fa376d5 elementor-section-boxed elementor-section-height-default elementor-section-height-default\" data-id=\"fa376d5\" data-element_type=\"section\">\n\t\t\t\t\t\t<div class=\"elementor-container elementor-column-gap-default\">\n\t\t\t\t\t<div class=\"elementor-column elementor-col-100 elementor-top-column elementor-element elementor-element-ec007f5\" data-id=\"ec007f5\" data-element_type=\"column\">\n\t\t\t<div class=\"elementor-widget-wrap elementor-element-populated\">\n\t\t\t\t\t\t<section class=\"elementor-section elementor-inner-section elementor-element elementor-element-a238cd6 elementor-reverse-mobile elementor-section-boxed elementor-section-height-default elementor-section-height-default\" data-id=\"a238cd6\" data-element_type=\"section\">\n\t\t\t\t\t\t<div class=\"elementor-container elementor-column-gap-default\">\n\t\t\t\t\t<div class=\"elementor-column elementor-col-50 elementor-inner-column elementor-element elementor-element-11c5b8b\" data-id=\"11c5b8b\" data-element_type=\"column\">\n\t\t\t<div class=\"elementor-widget-wrap elementor-element-populated\">\n\t\t\t\t\t\t<div class=\"elementor-element elementor-element-a821ba4 elementor-widget elementor-widget-video\" data-id=\"a821ba4\" data-element_type=\"widget\" data-settings=\"{&quot;video_type&quot;:&quot;hosted&quot;,&quot;start&quot;:0,&quot;autoplay&quot;:&quot;yes&quot;,&quot;play_on_mobile&quot;:&quot;yes&quot;,&quot;mute&quot;:&quot;yes&quot;,&quot;controls&quot;:&quot;yes&quot;}\" data-widget_type=\"video.default\">\n\t\t\t\t<div class=\"elementor-widget-container\">\n\t\t\t\t\t<div class=\"e-hosted-video elementor-wrapper elementor-open-inline\">\n\t\t\t\t\t<video class=\"elementor-video\" src=\"https:\/\/www.gatsby.com.tr\/wp-content\/uploads\/2025\/02\/Gatsby-Lojman-01.mp4\" autoplay=\"\" controls=\"\" muted=\"muted\" playsinline=\"\" controlsList=\"nodownload\"><\/video>\n\t\t\t\t<\/div>\n\t\t\t\t<\/div>\n\t\t\t\t<\/div>\n\t\t\t\t\t<\/div>\n\t\t<\/div>\n\t\t\t\t<div class=\"elementor-column elementor-col-50 elementor-inner-column elementor-element elementor-element-7bcecf2\" data-id=\"7bcecf2\" data-element_type=\"column\">\n\t\t\t<div class=\"elementor-widget-wrap elementor-element-populated\">\n\t\t\t\t\t\t<div class=\"elementor-element elementor-element-5bef017 elementor-widget elementor-widget-heading\" data-id=\"5bef017\" data-element_type=\"widget\" data-widget_type=\"heading.default\">\n\t\t\t\t<div class=\"elementor-widget-container\">\n\t\t\t<h6 class=\"elementor-heading-title elementor-size-default\">GATSBY<\/h6>\t\t<\/div>\n\t\t\t\t<\/div>\n\t\t\t\t<div class=\"elementor-element elementor-element-b637872 elementor-widget elementor-widget-heading\" data-id=\"b637872\" data-element_type=\"widget\" data-widget_type=\"heading.default\">\n\t\t\t\t<div class=\"elementor-widget-container\">\n\t\t\t<h2 class=\"elementor-heading-title elementor-size-default\">CASA DEL PERSONAL<\/h2>\t\t<\/div>\n\t\t\t\t<\/div>\n\t\t\t\t<div class=\"elementor-element elementor-element-f1b0883 elementor-widget elementor-widget-text-editor\" data-id=\"f1b0883\" data-element_type=\"widget\" data-widget_type=\"text-editor.default\">\n\t\t\t\t<div class=\"elementor-widget-container\">\n\t\t\t\t\t\t\t<p>Como <strong>Gatsby Event<\/strong>, somos conscientes de que la comodidad de nuestras bailarinas desempe\u00f1a un papel importante en el \u00e9xito de nuestros espect\u00e1culos esc\u00e9nicos. Por este motivo, en nuestras actuaciones proporcionamos a nuestros bailarines un entorno c\u00f3modo y tranquilo.<\/p>\n<p>Nuestras zonas de alojamiento, que hemos seleccionado cuidadosamente para nuestros bailarines, les ofrecen la oportunidad de descansar c\u00f3modamente, al tiempo que garantizan que se preparan para el escenario de la mejor manera posible. Este servicio, que ofrece la comodidad que puedan necesitar antes y despu\u00e9s de la actuaci\u00f3n, tiene como objetivo mantener la motivaci\u00f3n y la energ\u00eda de nuestros artistas al m\u00e1ximo nivel.<\/p>\n\t\t\t\t\t\t<\/div>\n\t\t\t\t<\/div>\n\t\t\t\t\t<\/div>\n\t\t<\/div>\n\t\t\t\t\t<\/div>\n\t\t<\/section>\n\t\t\t\t\t<\/div>\n\t\t<\/div>\n\t\t\t\t\t<\/div>\n\t\t<\/section>\n\t\t\t\t<\/div>\n\t\t","protected":false},"excerpt":{"rendered":"<p>\u00bfQui\u00e9nes somos? P\u00e1gina de inicio Qui\u00e9nes somos \u00bfQui\u00e9nes somos? Qui\u00e9nes somos Gatsby Event es una empresa de organizaci\u00f3n que aporta una visi\u00f3n innovadora al sector del entretenimiento y marca la diferencia con sus soluciones creativas. Trabajando en colaboraci\u00f3n con hoteles de lujo, nuestra empresa garantiza la calidad y la excelencia de los eventos con su [&hellip;]<\/p>\n","protected":false},"author":1,"featured_media":0,"parent":0,"menu_order":0,"comment_status":"closed","ping_status":"closed","template":"elementor_header_footer","meta":{"footnotes":""},"class_list":["post-1543","page","type-page","status-publish","hentry"],"_links":{"self":[{"href":"https:\/\/www.gatsby.com.tr\/es\/wp-json\/wp\/v2\/pages\/1543","targetHints":{"allow":["GET"]}}],"collection":[{"href":"https:\/\/www.gatsby.com.tr\/es\/wp-json\/wp\/v2\/pages"}],"about":[{"href":"https:\/\/www.gatsby.com.tr\/es\/wp-json\/wp\/v2\/types\/page"}],"author":[{"embeddable":true,"href":"https:\/\/www.gatsby.com.tr\/es\/wp-json\/wp\/v2\/users\/1"}],"replies":[{"embeddable":true,"href":"https:\/\/www.gatsby.com.tr\/es\/wp-json\/wp\/v2\/comments?post=1543"}],"version-history":[{"count":2,"href":"https:\/\/www.gatsby.com.tr\/es\/wp-json\/wp\/v2\/pages\/1543\/revisions"}],"predecessor-version":[{"id":1549,"href":"https:\/\/www.gatsby.com.tr\/es\/wp-json\/wp\/v2\/pages\/1543\/revisions\/1549"}],"wp:attachment":[{"href":"https:\/\/www.gatsby.com.tr\/es\/wp-json\/wp\/v2\/media?parent=1543"}],"curies":[{"name":"wp","href":"https:\/\/api.w.org\/{rel}","templated":true}]}}